{"id":4255,"date":"2025-06-06T13:01:20","date_gmt":"2025-06-06T11:01:20","guid":{"rendered":"https:\/\/www.toftehald.no\/?page_id=4255"},"modified":"2025-06-10T11:48:13","modified_gmt":"2025-06-10T09:48:13","slug":"private","status":"publish","type":"page","link":"https:\/\/www.toftehald.no\/en\/private\/","title":{"rendered":"Private"},"content":{"rendered":"\n<div class=\"alignfull wp-block-acf-hero\" id=\"block-f9205e36c7b543382cb319a0e382dc50\">\n\n<div class=\"hero-block\">\n\t<div class=\"hero\">\n\t<img loading=\"lazy\" decoding=\"async\" width=\"2500\" height=\"1875\" src=\"https:\/\/d2663t39fqodki.cloudfront.net\/wp-content\/uploads\/2022\/09\/27124013\/Tofte_MarcelTiedje_10mai2022__MarcelTiedje_1833.jpg\" class=\"hero__img\" alt=\"\" srcset=\"https:\/\/d2663t39fqodki.cloudfront.net\/wp-content\/uploads\/2022\/09\/27124013\/Tofte_MarcelTiedje_10mai2022__MarcelTiedje_1833.jpg 2500w, https:\/\/d2663t39fqodki.cloudfront.net\/wp-content\/uploads\/2022\/09\/27124013\/Tofte_MarcelTiedje_10mai2022__MarcelTiedje_1833-300x225.jpg 300w, https:\/\/d2663t39fqodki.cloudfront.net\/wp-content\/uploads\/2022\/09\/27124013\/Tofte_MarcelTiedje_10mai2022__MarcelTiedje_1833-1024x768.jpg 1024w, https:\/\/d2663t39fqodki.cloudfront.net\/wp-content\/uploads\/2022\/09\/27124013\/Tofte_MarcelTiedje_10mai2022__MarcelTiedje_1833-768x576.jpg 768w\" sizes=\"auto, (max-width: 2500px) 100vw, 2500px\" \/><\/div>\n\t<style type=\"text\/css\"><\/style>\n<\/div>\n\n<\/div>\n\n\n<h1 class=\"has-text-align-center wp-block-post-title\">Private<\/h1>\n\n\n<p>Advokatfirma Tofte Hald has extensive experience in assisting people in different phases of life, including when challenging events occur. We offer advice to private individuals to prevent and resolve conflicts, but we also assist in dispute resolution in cases where a dispute has already been established.<\/p>\n\n\n\n<p>Advokatfirma Tofte Hald has lawyers who specialise in inheritance, family law and probate, wealth related matters, employment law, tort law, real estate and tax. We also have lawyers who assist in criminal cases, both as counsel for the victim and defence lawyers. Our lawyers always strive to provide the best professional and thorough legal assistance.<\/p>\n\n\n\n<div style=\"margin-top:var(--wp--preset--spacing--50);margin-bottom:0;\" class=\"alignwide wp-block-acf-service-list\" id=\"block-a37ad7d132298dfc6eec2976de2ca9b7\">\n\n<div class=\"service-list-block\">\n\t<div class=\"service-list-block__inner\">\n\t\t<ul class=\"service-list-block__list\">\n\t\t\t\t\t\t\t\t\t\t\t\t<li class=\"service-list-block__item\">\n\t\t\t\t\t\t<a class=\"service-list-block__link\" href=\"https:\/\/www.toftehald.no\/en\/our-services\/family-law\/\">\n\t\t\t\t\t\t\t<span class=\"service-list-block__item-start\">\n\t\t\t\t\t\t\t\t<svg xmlns=\"http:\/\/www.w3.org\/2000\/svg\" width=\"16\" height=\"16\" fill=\"currentColor\" class=\"bi bi-arrow-right service-list-block__left-icon\" viewBox=\"0 0 16 16\">\n\t\t\t\t\t\t\t\t\t<path fill-rule=\"evenodd\" d=\"M1 8a.5.5 0 0 1 .5-.5h11.793l-3.147-3.146a.5.5 0 0 1 .708-.708l4 4a.5.5 0 0 1 0 .708l-4 4a.5.5 0 0 1-.708-.708L13.293 8.5H1.5A.5.5 0 0 1 1 8z\"\/>\n\t\t\t\t\t\t\t\t<\/svg>\n\n\t\t\t\t\t\t\t\t<h2 class=\"service-list-block__item-heading\">Family Law<\/h2>\n\t\t\t\t\t\t\t<\/span>\n\t\t\t\t\t\t\t<svg xmlns=\"http:\/\/www.w3.org\/2000\/svg\" width=\"16\" height=\"16\" fill=\"currentColor\" class=\"bi bi-arrow-right service-list-block__icon\" viewBox=\"0 0 16 16\">\n\t\t\t\t\t\t\t\t<path fill-rule=\"evenodd\" d=\"M1 8a.5.5 0 0 1 .5-.5h11.793l-3.147-3.146a.5.5 0 0 1 .708-.708l4 4a.5.5 0 0 1 0 .708l-4 4a.5.5 0 0 1-.708-.708L13.293 8.5H1.5A.5.5 0 0 1 1 8z\"\/>\n\t\t\t\t\t\t\t<\/svg>\n\t\t\t\t\t\t<\/a>\n\t\t\t\t\t<\/li>\n\t\t\t\t\t\t\t\t\t<li class=\"service-list-block__item\">\n\t\t\t\t\t\t<a class=\"service-list-block__link\" href=\"https:\/\/www.toftehald.no\/en\/our-services\/inheritance-and-succession-planning\/\">\n\t\t\t\t\t\t\t<span class=\"service-list-block__item-start\">\n\t\t\t\t\t\t\t\t<svg xmlns=\"http:\/\/www.w3.org\/2000\/svg\" width=\"16\" height=\"16\" fill=\"currentColor\" class=\"bi bi-arrow-right service-list-block__left-icon\" viewBox=\"0 0 16 16\">\n\t\t\t\t\t\t\t\t\t<path fill-rule=\"evenodd\" d=\"M1 8a.5.5 0 0 1 .5-.5h11.793l-3.147-3.146a.5.5 0 0 1 .708-.708l4 4a.5.5 0 0 1 0 .708l-4 4a.5.5 0 0 1-.708-.708L13.293 8.5H1.5A.5.5 0 0 1 1 8z\"\/>\n\t\t\t\t\t\t\t\t<\/svg>\n\n\t\t\t\t\t\t\t\t<h2 class=\"service-list-block__item-heading\">Inheritance and Generational Transfer<\/h2>\n\t\t\t\t\t\t\t<\/span>\n\t\t\t\t\t\t\t<svg xmlns=\"http:\/\/www.w3.org\/2000\/svg\" width=\"16\" height=\"16\" fill=\"currentColor\" class=\"bi bi-arrow-right service-list-block__icon\" viewBox=\"0 0 16 16\">\n\t\t\t\t\t\t\t\t<path fill-rule=\"evenodd\" d=\"M1 8a.5.5 0 0 1 .5-.5h11.793l-3.147-3.146a.5.5 0 0 1 .708-.708l4 4a.5.5 0 0 1 0 .708l-4 4a.5.5 0 0 1-.708-.708L13.293 8.5H1.5A.5.5 0 0 1 1 8z\"\/>\n\t\t\t\t\t\t\t<\/svg>\n\t\t\t\t\t\t<\/a>\n\t\t\t\t\t<\/li>\n\t\t\t\t\t\t\t\t\t<li class=\"service-list-block__item\">\n\t\t\t\t\t\t<a class=\"service-list-block__link\" href=\"https:\/\/www.toftehald.no\/en\/our-services\/contract-law\/\">\n\t\t\t\t\t\t\t<span class=\"service-list-block__item-start\">\n\t\t\t\t\t\t\t\t<svg xmlns=\"http:\/\/www.w3.org\/2000\/svg\" width=\"16\" height=\"16\" fill=\"currentColor\" class=\"bi bi-arrow-right service-list-block__left-icon\" viewBox=\"0 0 16 16\">\n\t\t\t\t\t\t\t\t\t<path fill-rule=\"evenodd\" d=\"M1 8a.5.5 0 0 1 .5-.5h11.793l-3.147-3.146a.5.5 0 0 1 .708-.708l4 4a.5.5 0 0 1 0 .708l-4 4a.5.5 0 0 1-.708-.708L13.293 8.5H1.5A.5.5 0 0 1 1 8z\"\/>\n\t\t\t\t\t\t\t\t<\/svg>\n\n\t\t\t\t\t\t\t\t<h2 class=\"service-list-block__item-heading\">Contract Law and Agreement Law<\/h2>\n\t\t\t\t\t\t\t<\/span>\n\t\t\t\t\t\t\t<svg xmlns=\"http:\/\/www.w3.org\/2000\/svg\" width=\"16\" height=\"16\" fill=\"currentColor\" class=\"bi bi-arrow-right service-list-block__icon\" viewBox=\"0 0 16 16\">\n\t\t\t\t\t\t\t\t<path fill-rule=\"evenodd\" d=\"M1 8a.5.5 0 0 1 .5-.5h11.793l-3.147-3.146a.5.5 0 0 1 .708-.708l4 4a.5.5 0 0 1 0 .708l-4 4a.5.5 0 0 1-.708-.708L13.293 8.5H1.5A.5.5 0 0 1 1 8z\"\/>\n\t\t\t\t\t\t\t<\/svg>\n\t\t\t\t\t\t<\/a>\n\t\t\t\t\t<\/li>\n\t\t\t\t\t\t\t\t\t<li class=\"service-list-block__item\">\n\t\t\t\t\t\t<a class=\"service-list-block__link\" href=\"https:\/\/www.toftehald.no\/en\/?post_type=service&amp;p=3608\">\n\t\t\t\t\t\t\t<span class=\"service-list-block__item-start\">\n\t\t\t\t\t\t\t\t<svg xmlns=\"http:\/\/www.w3.org\/2000\/svg\" width=\"16\" height=\"16\" fill=\"currentColor\" class=\"bi bi-arrow-right service-list-block__left-icon\" viewBox=\"0 0 16 16\">\n\t\t\t\t\t\t\t\t\t<path fill-rule=\"evenodd\" d=\"M1 8a.5.5 0 0 1 .5-.5h11.793l-3.147-3.146a.5.5 0 0 1 .708-.708l4 4a.5.5 0 0 1 0 .708l-4 4a.5.5 0 0 1-.708-.708L13.293 8.5H1.5A.5.5 0 0 1 1 8z\"\/>\n\t\t\t\t\t\t\t\t<\/svg>\n\n\t\t\t\t\t\t\t\t<h2 class=\"service-list-block__item-heading\">Real Estate<\/h2>\n\t\t\t\t\t\t\t<\/span>\n\t\t\t\t\t\t\t<svg xmlns=\"http:\/\/www.w3.org\/2000\/svg\" width=\"16\" height=\"16\" fill=\"currentColor\" class=\"bi bi-arrow-right service-list-block__icon\" viewBox=\"0 0 16 16\">\n\t\t\t\t\t\t\t\t<path fill-rule=\"evenodd\" d=\"M1 8a.5.5 0 0 1 .5-.5h11.793l-3.147-3.146a.5.5 0 0 1 .708-.708l4 4a.5.5 0 0 1 0 .708l-4 4a.5.5 0 0 1-.708-.708L13.293 8.5H1.5A.5.5 0 0 1 1 8z\"\/>\n\t\t\t\t\t\t\t<\/svg>\n\t\t\t\t\t\t<\/a>\n\t\t\t\t\t<\/li>\n\t\t\t\t\t\t\t\t\t<li class=\"service-list-block__item\">\n\t\t\t\t\t\t<a class=\"service-list-block__link\" href=\"https:\/\/www.toftehald.no\/en\/our-services\/employment-law\/\">\n\t\t\t\t\t\t\t<span class=\"service-list-block__item-start\">\n\t\t\t\t\t\t\t\t<svg xmlns=\"http:\/\/www.w3.org\/2000\/svg\" width=\"16\" height=\"16\" fill=\"currentColor\" class=\"bi bi-arrow-right service-list-block__left-icon\" viewBox=\"0 0 16 16\">\n\t\t\t\t\t\t\t\t\t<path fill-rule=\"evenodd\" d=\"M1 8a.5.5 0 0 1 .5-.5h11.793l-3.147-3.146a.5.5 0 0 1 .708-.708l4 4a.5.5 0 0 1 0 .708l-4 4a.5.5 0 0 1-.708-.708L13.293 8.5H1.5A.5.5 0 0 1 1 8z\"\/>\n\t\t\t\t\t\t\t\t<\/svg>\n\n\t\t\t\t\t\t\t\t<h2 class=\"service-list-block__item-heading\">Employment Law<\/h2>\n\t\t\t\t\t\t\t<\/span>\n\t\t\t\t\t\t\t<svg xmlns=\"http:\/\/www.w3.org\/2000\/svg\" width=\"16\" height=\"16\" fill=\"currentColor\" class=\"bi bi-arrow-right service-list-block__icon\" viewBox=\"0 0 16 16\">\n\t\t\t\t\t\t\t\t<path fill-rule=\"evenodd\" d=\"M1 8a.5.5 0 0 1 .5-.5h11.793l-3.147-3.146a.5.5 0 0 1 .708-.708l4 4a.5.5 0 0 1 0 .708l-4 4a.5.5 0 0 1-.708-.708L13.293 8.5H1.5A.5.5 0 0 1 1 8z\"\/>\n\t\t\t\t\t\t\t<\/svg>\n\t\t\t\t\t\t<\/a>\n\t\t\t\t\t<\/li>\n\t\t\t\t\t\t\t\t\t<li class=\"service-list-block__item\">\n\t\t\t\t\t\t<a class=\"service-list-block__link\" href=\"https:\/\/www.toftehald.no\/en\/our-services\/tax-and-value-added-tax\/\">\n\t\t\t\t\t\t\t<span class=\"service-list-block__item-start\">\n\t\t\t\t\t\t\t\t<svg xmlns=\"http:\/\/www.w3.org\/2000\/svg\" width=\"16\" height=\"16\" fill=\"currentColor\" class=\"bi bi-arrow-right service-list-block__left-icon\" viewBox=\"0 0 16 16\">\n\t\t\t\t\t\t\t\t\t<path fill-rule=\"evenodd\" d=\"M1 8a.5.5 0 0 1 .5-.5h11.793l-3.147-3.146a.5.5 0 0 1 .708-.708l4 4a.5.5 0 0 1 0 .708l-4 4a.5.5 0 0 1-.708-.708L13.293 8.5H1.5A.5.5 0 0 1 1 8z\"\/>\n\t\t\t\t\t\t\t\t<\/svg>\n\n\t\t\t\t\t\t\t\t<h2 class=\"service-list-block__item-heading\">Tax and Value Added Tax<\/h2>\n\t\t\t\t\t\t\t<\/span>\n\t\t\t\t\t\t\t<svg xmlns=\"http:\/\/www.w3.org\/2000\/svg\" width=\"16\" height=\"16\" fill=\"currentColor\" class=\"bi bi-arrow-right service-list-block__icon\" viewBox=\"0 0 16 16\">\n\t\t\t\t\t\t\t\t<path fill-rule=\"evenodd\" d=\"M1 8a.5.5 0 0 1 .5-.5h11.793l-3.147-3.146a.5.5 0 0 1 .708-.708l4 4a.5.5 0 0 1 0 .708l-4 4a.5.5 0 0 1-.708-.708L13.293 8.5H1.5A.5.5 0 0 1 1 8z\"\/>\n\t\t\t\t\t\t\t<\/svg>\n\t\t\t\t\t\t<\/a>\n\t\t\t\t\t<\/li>\n\t\t\t\t\t\t\t\t\t<li class=\"service-list-block__item\">\n\t\t\t\t\t\t<a class=\"service-list-block__link\" href=\"https:\/\/www.toftehald.no\/en\/our-services\/criminal-law\/\">\n\t\t\t\t\t\t\t<span class=\"service-list-block__item-start\">\n\t\t\t\t\t\t\t\t<svg xmlns=\"http:\/\/www.w3.org\/2000\/svg\" width=\"16\" height=\"16\" fill=\"currentColor\" class=\"bi bi-arrow-right service-list-block__left-icon\" viewBox=\"0 0 16 16\">\n\t\t\t\t\t\t\t\t\t<path fill-rule=\"evenodd\" d=\"M1 8a.5.5 0 0 1 .5-.5h11.793l-3.147-3.146a.5.5 0 0 1 .708-.708l4 4a.5.5 0 0 1 0 .708l-4 4a.5.5 0 0 1-.708-.708L13.293 8.5H1.5A.5.5 0 0 1 1 8z\"\/>\n\t\t\t\t\t\t\t\t<\/svg>\n\n\t\t\t\t\t\t\t\t<h2 class=\"service-list-block__item-heading\">Criminal Law<\/h2>\n\t\t\t\t\t\t\t<\/span>\n\t\t\t\t\t\t\t<svg xmlns=\"http:\/\/www.w3.org\/2000\/svg\" width=\"16\" height=\"16\" fill=\"currentColor\" class=\"bi bi-arrow-right service-list-block__icon\" viewBox=\"0 0 16 16\">\n\t\t\t\t\t\t\t\t<path fill-rule=\"evenodd\" d=\"M1 8a.5.5 0 0 1 .5-.5h11.793l-3.147-3.146a.5.5 0 0 1 .708-.708l4 4a.5.5 0 0 1 0 .708l-4 4a.5.5 0 0 1-.708-.708L13.293 8.5H1.5A.5.5 0 0 1 1 8z\"\/>\n\t\t\t\t\t\t\t<\/svg>\n\t\t\t\t\t\t<\/a>\n\t\t\t\t\t<\/li>\n\t\t\t\t\t\t\t\t\t<li class=\"service-list-block__item\">\n\t\t\t\t\t\t<a class=\"service-list-block__link\" href=\"https:\/\/www.toftehald.no\/en\/our-services\/compensation-and-insurance-law\/\">\n\t\t\t\t\t\t\t<span class=\"service-list-block__item-start\">\n\t\t\t\t\t\t\t\t<svg xmlns=\"http:\/\/www.w3.org\/2000\/svg\" width=\"16\" height=\"16\" fill=\"currentColor\" class=\"bi bi-arrow-right service-list-block__left-icon\" viewBox=\"0 0 16 16\">\n\t\t\t\t\t\t\t\t\t<path fill-rule=\"evenodd\" d=\"M1 8a.5.5 0 0 1 .5-.5h11.793l-3.147-3.146a.5.5 0 0 1 .708-.708l4 4a.5.5 0 0 1 0 .708l-4 4a.5.5 0 0 1-.708-.708L13.293 8.5H1.5A.5.5 0 0 1 1 8z\"\/>\n\t\t\t\t\t\t\t\t<\/svg>\n\n\t\t\t\t\t\t\t\t<h2 class=\"service-list-block__item-heading\">Compensation and Insurance Law<\/h2>\n\t\t\t\t\t\t\t<\/span>\n\t\t\t\t\t\t\t<svg xmlns=\"http:\/\/www.w3.org\/2000\/svg\" width=\"16\" height=\"16\" fill=\"currentColor\" class=\"bi bi-arrow-right service-list-block__icon\" viewBox=\"0 0 16 16\">\n\t\t\t\t\t\t\t\t<path fill-rule=\"evenodd\" d=\"M1 8a.5.5 0 0 1 .5-.5h11.793l-3.147-3.146a.5.5 0 0 1 .708-.708l4 4a.5.5 0 0 1 0 .708l-4 4a.5.5 0 0 1-.708-.708L13.293 8.5H1.5A.5.5 0 0 1 1 8z\"\/>\n\t\t\t\t\t\t\t<\/svg>\n\t\t\t\t\t\t<\/a>\n\t\t\t\t\t<\/li>\n\t\t\t\t\t\t\t\t\t<li class=\"service-list-block__item\">\n\t\t\t\t\t\t<a class=\"service-list-block__link\" href=\"https:\/\/www.toftehald.no\/vare-tjenesteomrader\/immaterialrett-opphavsrett\/\">\n\t\t\t\t\t\t\t<span class=\"service-list-block__item-start\">\n\t\t\t\t\t\t\t\t<svg xmlns=\"http:\/\/www.w3.org\/2000\/svg\" width=\"16\" height=\"16\" fill=\"currentColor\" class=\"bi bi-arrow-right service-list-block__left-icon\" viewBox=\"0 0 16 16\">\n\t\t\t\t\t\t\t\t\t<path fill-rule=\"evenodd\" d=\"M1 8a.5.5 0 0 1 .5-.5h11.793l-3.147-3.146a.5.5 0 0 1 .708-.708l4 4a.5.5 0 0 1 0 .708l-4 4a.5.5 0 0 1-.708-.708L13.293 8.5H1.5A.5.5 0 0 1 1 8z\"\/>\n\t\t\t\t\t\t\t\t<\/svg>\n\n\t\t\t\t\t\t\t\t<h2 class=\"service-list-block__item-heading\">Immaterialrett \/ Opphavsrett<\/h2>\n\t\t\t\t\t\t\t<\/span>\n\t\t\t\t\t\t\t<svg xmlns=\"http:\/\/www.w3.org\/2000\/svg\" width=\"16\" height=\"16\" fill=\"currentColor\" class=\"bi bi-arrow-right service-list-block__icon\" viewBox=\"0 0 16 16\">\n\t\t\t\t\t\t\t\t<path fill-rule=\"evenodd\" d=\"M1 8a.5.5 0 0 1 .5-.5h11.793l-3.147-3.146a.5.5 0 0 1 .708-.708l4 4a.5.5 0 0 1 0 .708l-4 4a.5.5 0 0 1-.708-.708L13.293 8.5H1.5A.5.5 0 0 1 1 8z\"\/>\n\t\t\t\t\t\t\t<\/svg>\n\t\t\t\t\t\t<\/a>\n\t\t\t\t\t<\/li>\n\t\t\t\t\t\t\t\t\t<li class=\"service-list-block__item\">\n\t\t\t\t\t\t<a class=\"service-list-block__link\" href=\"https:\/\/www.toftehald.no\/vare-tjenesteomrader\/tvistelosning-og-prosedyre\/\">\n\t\t\t\t\t\t\t<span class=\"service-list-block__item-start\">\n\t\t\t\t\t\t\t\t<svg xmlns=\"http:\/\/www.w3.org\/2000\/svg\" width=\"16\" height=\"16\" fill=\"currentColor\" class=\"bi bi-arrow-right service-list-block__left-icon\" viewBox=\"0 0 16 16\">\n\t\t\t\t\t\t\t\t\t<path fill-rule=\"evenodd\" d=\"M1 8a.5.5 0 0 1 .5-.5h11.793l-3.147-3.146a.5.5 0 0 1 .708-.708l4 4a.5.5 0 0 1 0 .708l-4 4a.5.5 0 0 1-.708-.708L13.293 8.5H1.5A.5.5 0 0 1 1 8z\"\/>\n\t\t\t\t\t\t\t\t<\/svg>\n\n\t\t\t\t\t\t\t\t<h2 class=\"service-list-block__item-heading\">Tvistel\u00f8sning og prosedyre<\/h2>\n\t\t\t\t\t\t\t<\/span>\n\t\t\t\t\t\t\t<svg xmlns=\"http:\/\/www.w3.org\/2000\/svg\" width=\"16\" height=\"16\" fill=\"currentColor\" class=\"bi bi-arrow-right service-list-block__icon\" viewBox=\"0 0 16 16\">\n\t\t\t\t\t\t\t\t<path fill-rule=\"evenodd\" d=\"M1 8a.5.5 0 0 1 .5-.5h11.793l-3.147-3.146a.5.5 0 0 1 .708-.708l4 4a.5.5 0 0 1 0 .708l-4 4a.5.5 0 0 1-.708-.708L13.293 8.5H1.5A.5.5 0 0 1 1 8z\"\/>\n\t\t\t\t\t\t\t<\/svg>\n\t\t\t\t\t\t<\/a>\n\t\t\t\t\t<\/li>\n\t\t\t\t\t\t\t\t\t<\/ul>\n\t<\/div>\n\t<style type=\"text\/css\"><\/style>\n<\/div>\n\n<\/div>\n\n\n\n<div class=\"wp-block-group alignfull is-style-section-blue has-global-padding is-layout-constrained wp-block-group-is-layout-constrained is-style-section-blue--1\"><\/div>\n","protected":false},"excerpt":{"rendered":"<p>Advokatfirma Tofte Hald has extensive experience in assisting people in different phases of life, including when challenging events occur. We offer advice to private individuals to prevent and resolve conflicts, but we also assist in dispute resolution in cases where a dispute has already been established. Advokatfirma Tofte Hald has lawyers who specialise in inheritance, &hellip;<\/p>\n","protected":false},"author":15,"featured_media":2606,"parent":0,"menu_order":0,"comment_status":"closed","ping_status":"closed","template":"","meta":{"_acf_changed":false,"inline_featured_image":false,"footnotes":""},"class_list":["post-4255","page","type-page","status-publish","has-post-thumbnail","hentry"],"acf":[],"yoast_head":"<!-- This site is optimized with the Yoast SEO Premium plugin v26.7 (Yoast SEO v27.5) - https:\/\/yoast.com\/product\/yoast-seo-premium-wordpress\/ -->\n<title>Private - Advokatfirma Tofte Hald AS<\/title>\n<meta name=\"robots\" content=\"index, follow, max-snippet:-1, max-image-preview:large, max-video-preview:-1\" \/>\n<link rel=\"canonical\" href=\"https:\/\/www.toftehald.no\/en\/private\/\" \/>\n<meta property=\"og:locale\" content=\"en_US\" \/>\n<meta property=\"og:type\" content=\"article\" \/>\n<meta property=\"og:title\" content=\"Private\" \/>\n<meta property=\"og:description\" content=\"Advokatfirma Tofte Hald has extensive experience in assisting people in different phases of life, including when challenging events occur. We offer advice to private individuals to prevent and resolve conflicts, but we also assist in dispute resolution in cases where a dispute has already been established. Advokatfirma Tofte Hald has lawyers who specialise in inheritance, &hellip;\" \/>\n<meta property=\"og:url\" content=\"https:\/\/www.toftehald.no\/en\/private\/\" \/>\n<meta property=\"og:site_name\" content=\"Advokatfirma Tofte Hald AS\" \/>\n<meta property=\"article:publisher\" content=\"https:\/\/www.facebook.com\/advtofte\/\" \/>\n<meta property=\"article:modified_time\" content=\"2025-06-10T09:48:13+00:00\" \/>\n<meta property=\"og:image\" content=\"https:\/\/d2663t39fqodki.cloudfront.net\/wp-content\/uploads\/2022\/09\/27124013\/Tofte_MarcelTiedje_10mai2022__MarcelTiedje_1833-1024x768.jpg\" \/>\n\t<meta property=\"og:image:width\" content=\"1024\" \/>\n\t<meta property=\"og:image:height\" content=\"768\" \/>\n\t<meta property=\"og:image:type\" content=\"image\/jpeg\" \/>\n<meta name=\"twitter:card\" content=\"summary_large_image\" \/>\n<meta name=\"twitter:label1\" content=\"Est. reading time\" \/>\n\t<meta name=\"twitter:data1\" content=\"1 minute\" \/>\n<script type=\"application\/ld+json\" class=\"yoast-schema-graph\">{\"@context\":\"https:\\\/\\\/schema.org\",\"@graph\":[{\"@type\":\"WebPage\",\"@id\":\"https:\\\/\\\/www.toftehald.no\\\/en\\\/private\\\/\",\"url\":\"https:\\\/\\\/www.toftehald.no\\\/en\\\/private\\\/\",\"name\":\"Private - Advokatfirma Tofte Hald AS\",\"isPartOf\":{\"@id\":\"https:\\\/\\\/www.toftehald.no\\\/en\\\/#website\"},\"primaryImageOfPage\":{\"@id\":\"https:\\\/\\\/www.toftehald.no\\\/en\\\/private\\\/#primaryimage\"},\"image\":{\"@id\":\"https:\\\/\\\/www.toftehald.no\\\/en\\\/private\\\/#primaryimage\"},\"thumbnailUrl\":\"https:\\\/\\\/d2663t39fqodki.cloudfront.net\\\/wp-content\\\/uploads\\\/2022\\\/09\\\/27124013\\\/Tofte_MarcelTiedje_10mai2022__MarcelTiedje_1833.jpg\",\"datePublished\":\"2025-06-06T11:01:20+00:00\",\"dateModified\":\"2025-06-10T09:48:13+00:00\",\"breadcrumb\":{\"@id\":\"https:\\\/\\\/www.toftehald.no\\\/en\\\/private\\\/#breadcrumb\"},\"inLanguage\":\"en-US\",\"potentialAction\":[{\"@type\":\"ReadAction\",\"target\":[\"https:\\\/\\\/www.toftehald.no\\\/en\\\/private\\\/\"]}]},{\"@type\":\"ImageObject\",\"inLanguage\":\"en-US\",\"@id\":\"https:\\\/\\\/www.toftehald.no\\\/en\\\/private\\\/#primaryimage\",\"url\":\"https:\\\/\\\/d2663t39fqodki.cloudfront.net\\\/wp-content\\\/uploads\\\/2022\\\/09\\\/27124013\\\/Tofte_MarcelTiedje_10mai2022__MarcelTiedje_1833.jpg\",\"contentUrl\":\"https:\\\/\\\/d2663t39fqodki.cloudfront.net\\\/wp-content\\\/uploads\\\/2022\\\/09\\\/27124013\\\/Tofte_MarcelTiedje_10mai2022__MarcelTiedje_1833.jpg\",\"width\":2500,\"height\":1875},{\"@type\":\"BreadcrumbList\",\"@id\":\"https:\\\/\\\/www.toftehald.no\\\/en\\\/private\\\/#breadcrumb\",\"itemListElement\":[{\"@type\":\"ListItem\",\"position\":1,\"name\":\"Home\",\"item\":\"https:\\\/\\\/www.toftehald.no\\\/en\\\/\"},{\"@type\":\"ListItem\",\"position\":2,\"name\":\"Private\"}]},{\"@type\":\"WebSite\",\"@id\":\"https:\\\/\\\/www.toftehald.no\\\/en\\\/#website\",\"url\":\"https:\\\/\\\/www.toftehald.no\\\/en\\\/\",\"name\":\"Tofte Hald AS\",\"description\":\"S\u00f8rlandets st\u00f8rste advokatfirma\",\"publisher\":{\"@id\":\"https:\\\/\\\/www.toftehald.no\\\/en\\\/#organization\"},\"alternateName\":\"Tofte Hald Advokatfirma\",\"potentialAction\":[{\"@type\":\"SearchAction\",\"target\":{\"@type\":\"EntryPoint\",\"urlTemplate\":\"https:\\\/\\\/www.toftehald.no\\\/en\\\/?s={search_term_string}\"},\"query-input\":{\"@type\":\"PropertyValueSpecification\",\"valueRequired\":true,\"valueName\":\"search_term_string\"}}],\"inLanguage\":\"en-US\"},{\"@type\":\"Organization\",\"@id\":\"https:\\\/\\\/www.toftehald.no\\\/en\\\/#organization\",\"name\":\"Tofte Hald AS\",\"alternateName\":\"Tofte Hald Advokatfirma\",\"url\":\"https:\\\/\\\/www.toftehald.no\\\/en\\\/\",\"logo\":{\"@type\":\"ImageObject\",\"inLanguage\":\"en-US\",\"@id\":\"https:\\\/\\\/www.toftehald.no\\\/en\\\/#\\\/schema\\\/logo\\\/image\\\/\",\"url\":\"https:\\\/\\\/d2663t39fqodki.cloudfront.net\\\/wp-content\\\/uploads\\\/2019\\\/02\\\/01133911\\\/L%C3%B8nnsom-logo-1.png\",\"contentUrl\":\"https:\\\/\\\/d2663t39fqodki.cloudfront.net\\\/wp-content\\\/uploads\\\/2019\\\/02\\\/01133911\\\/L%C3%B8nnsom-logo-1.png\",\"width\":500,\"height\":500,\"caption\":\"Tofte Hald AS\"},\"image\":{\"@id\":\"https:\\\/\\\/www.toftehald.no\\\/en\\\/#\\\/schema\\\/logo\\\/image\\\/\"},\"sameAs\":[\"https:\\\/\\\/www.facebook.com\\\/advtofte\\\/\",\"https:\\\/\\\/www.linkedin.com\\\/company\\\/advokatfirma-tofte-da\\\/\"],\"description\":\"Vi er et dedikert lokalt advokatfirma med dyktige advokater basert i Arendal og Kristiansand, som tilbyr juridisk bistand i hele S\u00f8r-Norge. Med et sterkt fokus p\u00e5 profesjonalitet og ekspertise, er vi forpliktet til \u00e5 levere f\u00f8rsteklasses juridiske tjenester, uansett hvor din sak f\u00f8rer oss.\",\"email\":\"post@toftehald.no\",\"telephone\":\"+47 381 77 000\",\"legalName\":\"Tofte Hald AS\",\"foundingDate\":\"2008-01-01\",\"vatID\":\"926 311 999\",\"numberOfEmployees\":{\"@type\":\"QuantitativeValue\",\"minValue\":\"11\",\"maxValue\":\"50\"}}]}<\/script>\n<!-- \/ Yoast SEO Premium plugin. -->","yoast_head_json":{"title":"Private - Advokatfirma Tofte Hald AS","robots":{"index":"index","follow":"follow","max-snippet":"max-snippet:-1","max-image-preview":"max-image-preview:large","max-video-preview":"max-video-preview:-1"},"canonical":"https:\/\/www.toftehald.no\/en\/private\/","og_locale":"en_US","og_type":"article","og_title":"Private","og_description":"Advokatfirma Tofte Hald has extensive experience in assisting people in different phases of life, including when challenging events occur. We offer advice to private individuals to prevent and resolve conflicts, but we also assist in dispute resolution in cases where a dispute has already been established. Advokatfirma Tofte Hald has lawyers who specialise in inheritance, &hellip;","og_url":"https:\/\/www.toftehald.no\/en\/private\/","og_site_name":"Advokatfirma Tofte Hald AS","article_publisher":"https:\/\/www.facebook.com\/advtofte\/","article_modified_time":"2025-06-10T09:48:13+00:00","og_image":[{"width":1024,"height":768,"url":"https:\/\/d2663t39fqodki.cloudfront.net\/wp-content\/uploads\/2022\/09\/27124013\/Tofte_MarcelTiedje_10mai2022__MarcelTiedje_1833-1024x768.jpg","type":"image\/jpeg"}],"twitter_card":"summary_large_image","twitter_misc":{"Est. reading time":"1 minute"},"schema":{"@context":"https:\/\/schema.org","@graph":[{"@type":"WebPage","@id":"https:\/\/www.toftehald.no\/en\/private\/","url":"https:\/\/www.toftehald.no\/en\/private\/","name":"Private - Advokatfirma Tofte Hald AS","isPartOf":{"@id":"https:\/\/www.toftehald.no\/en\/#website"},"primaryImageOfPage":{"@id":"https:\/\/www.toftehald.no\/en\/private\/#primaryimage"},"image":{"@id":"https:\/\/www.toftehald.no\/en\/private\/#primaryimage"},"thumbnailUrl":"https:\/\/d2663t39fqodki.cloudfront.net\/wp-content\/uploads\/2022\/09\/27124013\/Tofte_MarcelTiedje_10mai2022__MarcelTiedje_1833.jpg","datePublished":"2025-06-06T11:01:20+00:00","dateModified":"2025-06-10T09:48:13+00:00","breadcrumb":{"@id":"https:\/\/www.toftehald.no\/en\/private\/#breadcrumb"},"inLanguage":"en-US","potentialAction":[{"@type":"ReadAction","target":["https:\/\/www.toftehald.no\/en\/private\/"]}]},{"@type":"ImageObject","inLanguage":"en-US","@id":"https:\/\/www.toftehald.no\/en\/private\/#primaryimage","url":"https:\/\/d2663t39fqodki.cloudfront.net\/wp-content\/uploads\/2022\/09\/27124013\/Tofte_MarcelTiedje_10mai2022__MarcelTiedje_1833.jpg","contentUrl":"https:\/\/d2663t39fqodki.cloudfront.net\/wp-content\/uploads\/2022\/09\/27124013\/Tofte_MarcelTiedje_10mai2022__MarcelTiedje_1833.jpg","width":2500,"height":1875},{"@type":"BreadcrumbList","@id":"https:\/\/www.toftehald.no\/en\/private\/#breadcrumb","itemListElement":[{"@type":"ListItem","position":1,"name":"Home","item":"https:\/\/www.toftehald.no\/en\/"},{"@type":"ListItem","position":2,"name":"Private"}]},{"@type":"WebSite","@id":"https:\/\/www.toftehald.no\/en\/#website","url":"https:\/\/www.toftehald.no\/en\/","name":"Tofte Hald AS","description":"S\u00f8rlandets st\u00f8rste advokatfirma","publisher":{"@id":"https:\/\/www.toftehald.no\/en\/#organization"},"alternateName":"Tofte Hald Advokatfirma","potentialAction":[{"@type":"SearchAction","target":{"@type":"EntryPoint","urlTemplate":"https:\/\/www.toftehald.no\/en\/?s={search_term_string}"},"query-input":{"@type":"PropertyValueSpecification","valueRequired":true,"valueName":"search_term_string"}}],"inLanguage":"en-US"},{"@type":"Organization","@id":"https:\/\/www.toftehald.no\/en\/#organization","name":"Tofte Hald AS","alternateName":"Tofte Hald Advokatfirma","url":"https:\/\/www.toftehald.no\/en\/","logo":{"@type":"ImageObject","inLanguage":"en-US","@id":"https:\/\/www.toftehald.no\/en\/#\/schema\/logo\/image\/","url":"https:\/\/d2663t39fqodki.cloudfront.net\/wp-content\/uploads\/2019\/02\/01133911\/L%C3%B8nnsom-logo-1.png","contentUrl":"https:\/\/d2663t39fqodki.cloudfront.net\/wp-content\/uploads\/2019\/02\/01133911\/L%C3%B8nnsom-logo-1.png","width":500,"height":500,"caption":"Tofte Hald AS"},"image":{"@id":"https:\/\/www.toftehald.no\/en\/#\/schema\/logo\/image\/"},"sameAs":["https:\/\/www.facebook.com\/advtofte\/","https:\/\/www.linkedin.com\/company\/advokatfirma-tofte-da\/"],"description":"Vi er et dedikert lokalt advokatfirma med dyktige advokater basert i Arendal og Kristiansand, som tilbyr juridisk bistand i hele S\u00f8r-Norge. Med et sterkt fokus p\u00e5 profesjonalitet og ekspertise, er vi forpliktet til \u00e5 levere f\u00f8rsteklasses juridiske tjenester, uansett hvor din sak f\u00f8rer oss.","email":"post@toftehald.no","telephone":"+47 381 77 000","legalName":"Tofte Hald AS","foundingDate":"2008-01-01","vatID":"926 311 999","numberOfEmployees":{"@type":"QuantitativeValue","minValue":"11","maxValue":"50"}}]}},"_links":{"self":[{"href":"https:\/\/www.toftehald.no\/en\/wp-json\/wp\/v2\/pages\/4255","targetHints":{"allow":["GET"]}}],"collection":[{"href":"https:\/\/www.toftehald.no\/en\/wp-json\/wp\/v2\/pages"}],"about":[{"href":"https:\/\/www.toftehald.no\/en\/wp-json\/wp\/v2\/types\/page"}],"author":[{"embeddable":true,"href":"https:\/\/www.toftehald.no\/en\/wp-json\/wp\/v2\/users\/15"}],"replies":[{"embeddable":true,"href":"https:\/\/www.toftehald.no\/en\/wp-json\/wp\/v2\/comments?post=4255"}],"version-history":[{"count":1,"href":"https:\/\/www.toftehald.no\/en\/wp-json\/wp\/v2\/pages\/4255\/revisions"}],"predecessor-version":[{"id":4256,"href":"https:\/\/www.toftehald.no\/en\/wp-json\/wp\/v2\/pages\/4255\/revisions\/4256"}],"wp:featuredmedia":[{"embeddable":true,"href":"https:\/\/www.toftehald.no\/en\/wp-json\/wp\/v2\/media\/2606"}],"wp:attachment":[{"href":"https:\/\/www.toftehald.no\/en\/wp-json\/wp\/v2\/media?parent=4255"}],"curies":[{"name":"wp","href":"https:\/\/api.w.org\/{rel}","templated":true}]}}