{"id":4260,"date":"2025-06-06T13:24:02","date_gmt":"2025-06-06T11:24:02","guid":{"rendered":"https:\/\/www.toftehald.no\/?page_id=4260"},"modified":"2025-06-10T11:48:14","modified_gmt":"2025-06-10T09:48:14","slug":"public","status":"publish","type":"page","link":"https:\/\/www.toftehald.no\/en\/public\/","title":{"rendered":"Public"},"content":{"rendered":"\n<div class=\"alignfull wp-block-acf-hero\" id=\"block-1081f03948a25909d76b7c9fc2f7cc2e\">\n\n<div class=\"hero-block\">\n\t<div class=\"hero\">\n\t<img loading=\"lazy\" decoding=\"async\" width=\"2048\" height=\"1536\" src=\"https:\/\/d2663t39fqodki.cloudfront.net\/wp-content\/uploads\/2022\/07\/01133631\/Tofte_MarcelTiedje_10mai2022__MarcelTiedje_1910.jpg\" class=\"hero__img\" alt=\"\" srcset=\"https:\/\/d2663t39fqodki.cloudfront.net\/wp-content\/uploads\/2022\/07\/01133631\/Tofte_MarcelTiedje_10mai2022__MarcelTiedje_1910.jpg 2048w, https:\/\/d2663t39fqodki.cloudfront.net\/wp-content\/uploads\/2022\/07\/01133631\/Tofte_MarcelTiedje_10mai2022__MarcelTiedje_1910-300x225.jpg 300w, https:\/\/d2663t39fqodki.cloudfront.net\/wp-content\/uploads\/2022\/07\/01133631\/Tofte_MarcelTiedje_10mai2022__MarcelTiedje_1910-1024x768.jpg 1024w, https:\/\/d2663t39fqodki.cloudfront.net\/wp-content\/uploads\/2022\/07\/01133631\/Tofte_MarcelTiedje_10mai2022__MarcelTiedje_1910-768x576.jpg 768w\" sizes=\"auto, (max-width: 2048px) 100vw, 2048px\" \/><\/div>\n\t<style type=\"text\/css\"><\/style>\n<\/div>\n\n<\/div>\n\n\n<h1 class=\"has-text-align-center wp-block-post-title\">Public<\/h1>\n\n\n<p>Several of our lawyers have backgrounds in state and municipal administration, and Tofte Hald has a long tradition of assisting municipalities and other public clients with legal advice and dispute resolution.<\/p>\n\n\n\n<p>In addition, we also assist private parties in meetings with public authorities, including through application processes, case processing and appeals to public bodies.<\/p>\n\n\n\n<p>We have lawyers who specialise in administrative law, municipal law, welfare law, planning and building law, public procurement as well as appraisal and expropriation.<\/p>\n\n\n\n<div class=\"wp-block-group alignfull is-style-section-blue has-global-padding is-layout-constrained wp-block-group-is-layout-constrained is-style-section-blue--1\"><\/div>\n","protected":false},"excerpt":{"rendered":"<p>Several of our lawyers have backgrounds in state and municipal administration, and Tofte Hald has a long tradition of assisting municipalities and other public clients with legal advice and dispute resolution. In addition, we also assist private parties in meetings with public authorities, including through application processes, case processing and appeals to public bodies. We &hellip;<\/p>\n","protected":false},"author":15,"featured_media":2558,"parent":0,"menu_order":0,"comment_status":"closed","ping_status":"closed","template":"","meta":{"_acf_changed":false,"inline_featured_image":false,"footnotes":""},"class_list":["post-4260","page","type-page","status-publish","has-post-thumbnail","hentry"],"acf":[],"yoast_head":"<!-- This site is optimized with the Yoast SEO Premium plugin v26.7 (Yoast SEO v27.5) - https:\/\/yoast.com\/product\/yoast-seo-premium-wordpress\/ -->\n<title>Public - Advokatfirma Tofte Hald AS<\/title>\n<meta name=\"robots\" content=\"index, follow, max-snippet:-1, max-image-preview:large, max-video-preview:-1\" \/>\n<link rel=\"canonical\" href=\"https:\/\/www.toftehald.no\/en\/public\/\" \/>\n<meta property=\"og:locale\" content=\"en_US\" \/>\n<meta property=\"og:type\" content=\"article\" \/>\n<meta property=\"og:title\" content=\"Public\" \/>\n<meta property=\"og:description\" content=\"Several of our lawyers have backgrounds in state and municipal administration, and Tofte Hald has a long tradition of assisting municipalities and other public clients with legal advice and dispute resolution. In addition, we also assist private parties in meetings with public authorities, including through application processes, case processing and appeals to public bodies. We &hellip;\" \/>\n<meta property=\"og:url\" content=\"https:\/\/www.toftehald.no\/en\/public\/\" \/>\n<meta property=\"og:site_name\" content=\"Advokatfirma Tofte Hald AS\" \/>\n<meta property=\"article:publisher\" content=\"https:\/\/www.facebook.com\/advtofte\/\" \/>\n<meta property=\"article:modified_time\" content=\"2025-06-10T09:48:14+00:00\" \/>\n<meta property=\"og:image\" content=\"https:\/\/d2663t39fqodki.cloudfront.net\/wp-content\/uploads\/2022\/07\/01133631\/Tofte_MarcelTiedje_10mai2022__MarcelTiedje_1910-1024x768.jpg\" \/>\n\t<meta property=\"og:image:width\" content=\"1024\" \/>\n\t<meta property=\"og:image:height\" content=\"768\" \/>\n\t<meta property=\"og:image:type\" content=\"image\/jpeg\" \/>\n<meta name=\"twitter:card\" content=\"summary_large_image\" \/>\n<meta name=\"twitter:label1\" content=\"Est. reading time\" \/>\n\t<meta name=\"twitter:data1\" content=\"1 minute\" \/>\n<script type=\"application\/ld+json\" class=\"yoast-schema-graph\">{\"@context\":\"https:\\\/\\\/schema.org\",\"@graph\":[{\"@type\":\"WebPage\",\"@id\":\"https:\\\/\\\/www.toftehald.no\\\/en\\\/public\\\/\",\"url\":\"https:\\\/\\\/www.toftehald.no\\\/en\\\/public\\\/\",\"name\":\"Public - Advokatfirma Tofte Hald AS\",\"isPartOf\":{\"@id\":\"https:\\\/\\\/www.toftehald.no\\\/en\\\/#website\"},\"primaryImageOfPage\":{\"@id\":\"https:\\\/\\\/www.toftehald.no\\\/en\\\/public\\\/#primaryimage\"},\"image\":{\"@id\":\"https:\\\/\\\/www.toftehald.no\\\/en\\\/public\\\/#primaryimage\"},\"thumbnailUrl\":\"https:\\\/\\\/d2663t39fqodki.cloudfront.net\\\/wp-content\\\/uploads\\\/2022\\\/07\\\/01133631\\\/Tofte_MarcelTiedje_10mai2022__MarcelTiedje_1910.jpg\",\"datePublished\":\"2025-06-06T11:24:02+00:00\",\"dateModified\":\"2025-06-10T09:48:14+00:00\",\"breadcrumb\":{\"@id\":\"https:\\\/\\\/www.toftehald.no\\\/en\\\/public\\\/#breadcrumb\"},\"inLanguage\":\"en-US\",\"potentialAction\":[{\"@type\":\"ReadAction\",\"target\":[\"https:\\\/\\\/www.toftehald.no\\\/en\\\/public\\\/\"]}]},{\"@type\":\"ImageObject\",\"inLanguage\":\"en-US\",\"@id\":\"https:\\\/\\\/www.toftehald.no\\\/en\\\/public\\\/#primaryimage\",\"url\":\"https:\\\/\\\/d2663t39fqodki.cloudfront.net\\\/wp-content\\\/uploads\\\/2022\\\/07\\\/01133631\\\/Tofte_MarcelTiedje_10mai2022__MarcelTiedje_1910.jpg\",\"contentUrl\":\"https:\\\/\\\/d2663t39fqodki.cloudfront.net\\\/wp-content\\\/uploads\\\/2022\\\/07\\\/01133631\\\/Tofte_MarcelTiedje_10mai2022__MarcelTiedje_1910.jpg\",\"width\":2048,\"height\":1536},{\"@type\":\"BreadcrumbList\",\"@id\":\"https:\\\/\\\/www.toftehald.no\\\/en\\\/public\\\/#breadcrumb\",\"itemListElement\":[{\"@type\":\"ListItem\",\"position\":1,\"name\":\"Home\",\"item\":\"https:\\\/\\\/www.toftehald.no\\\/en\\\/\"},{\"@type\":\"ListItem\",\"position\":2,\"name\":\"Public\"}]},{\"@type\":\"WebSite\",\"@id\":\"https:\\\/\\\/www.toftehald.no\\\/en\\\/#website\",\"url\":\"https:\\\/\\\/www.toftehald.no\\\/en\\\/\",\"name\":\"Tofte Hald AS\",\"description\":\"S\u00f8rlandets st\u00f8rste advokatfirma\",\"publisher\":{\"@id\":\"https:\\\/\\\/www.toftehald.no\\\/en\\\/#organization\"},\"alternateName\":\"Tofte Hald Advokatfirma\",\"potentialAction\":[{\"@type\":\"SearchAction\",\"target\":{\"@type\":\"EntryPoint\",\"urlTemplate\":\"https:\\\/\\\/www.toftehald.no\\\/en\\\/?s={search_term_string}\"},\"query-input\":{\"@type\":\"PropertyValueSpecification\",\"valueRequired\":true,\"valueName\":\"search_term_string\"}}],\"inLanguage\":\"en-US\"},{\"@type\":\"Organization\",\"@id\":\"https:\\\/\\\/www.toftehald.no\\\/en\\\/#organization\",\"name\":\"Tofte Hald AS\",\"alternateName\":\"Tofte Hald Advokatfirma\",\"url\":\"https:\\\/\\\/www.toftehald.no\\\/en\\\/\",\"logo\":{\"@type\":\"ImageObject\",\"inLanguage\":\"en-US\",\"@id\":\"https:\\\/\\\/www.toftehald.no\\\/en\\\/#\\\/schema\\\/logo\\\/image\\\/\",\"url\":\"https:\\\/\\\/d2663t39fqodki.cloudfront.net\\\/wp-content\\\/uploads\\\/2019\\\/02\\\/01133911\\\/L%C3%B8nnsom-logo-1.png\",\"contentUrl\":\"https:\\\/\\\/d2663t39fqodki.cloudfront.net\\\/wp-content\\\/uploads\\\/2019\\\/02\\\/01133911\\\/L%C3%B8nnsom-logo-1.png\",\"width\":500,\"height\":500,\"caption\":\"Tofte Hald AS\"},\"image\":{\"@id\":\"https:\\\/\\\/www.toftehald.no\\\/en\\\/#\\\/schema\\\/logo\\\/image\\\/\"},\"sameAs\":[\"https:\\\/\\\/www.facebook.com\\\/advtofte\\\/\",\"https:\\\/\\\/www.linkedin.com\\\/company\\\/advokatfirma-tofte-da\\\/\"],\"description\":\"Vi er et dedikert lokalt advokatfirma med dyktige advokater basert i Arendal og Kristiansand, som tilbyr juridisk bistand i hele S\u00f8r-Norge. Med et sterkt fokus p\u00e5 profesjonalitet og ekspertise, er vi forpliktet til \u00e5 levere f\u00f8rsteklasses juridiske tjenester, uansett hvor din sak f\u00f8rer oss.\",\"email\":\"post@toftehald.no\",\"telephone\":\"+47 381 77 000\",\"legalName\":\"Tofte Hald AS\",\"foundingDate\":\"2008-01-01\",\"vatID\":\"926 311 999\",\"numberOfEmployees\":{\"@type\":\"QuantitativeValue\",\"minValue\":\"11\",\"maxValue\":\"50\"}}]}<\/script>\n<!-- \/ Yoast SEO Premium plugin. -->","yoast_head_json":{"title":"Public - Advokatfirma Tofte Hald AS","robots":{"index":"index","follow":"follow","max-snippet":"max-snippet:-1","max-image-preview":"max-image-preview:large","max-video-preview":"max-video-preview:-1"},"canonical":"https:\/\/www.toftehald.no\/en\/public\/","og_locale":"en_US","og_type":"article","og_title":"Public","og_description":"Several of our lawyers have backgrounds in state and municipal administration, and Tofte Hald has a long tradition of assisting municipalities and other public clients with legal advice and dispute resolution. In addition, we also assist private parties in meetings with public authorities, including through application processes, case processing and appeals to public bodies. We &hellip;","og_url":"https:\/\/www.toftehald.no\/en\/public\/","og_site_name":"Advokatfirma Tofte Hald AS","article_publisher":"https:\/\/www.facebook.com\/advtofte\/","article_modified_time":"2025-06-10T09:48:14+00:00","og_image":[{"width":1024,"height":768,"url":"https:\/\/d2663t39fqodki.cloudfront.net\/wp-content\/uploads\/2022\/07\/01133631\/Tofte_MarcelTiedje_10mai2022__MarcelTiedje_1910-1024x768.jpg","type":"image\/jpeg"}],"twitter_card":"summary_large_image","twitter_misc":{"Est. reading time":"1 minute"},"schema":{"@context":"https:\/\/schema.org","@graph":[{"@type":"WebPage","@id":"https:\/\/www.toftehald.no\/en\/public\/","url":"https:\/\/www.toftehald.no\/en\/public\/","name":"Public - Advokatfirma Tofte Hald AS","isPartOf":{"@id":"https:\/\/www.toftehald.no\/en\/#website"},"primaryImageOfPage":{"@id":"https:\/\/www.toftehald.no\/en\/public\/#primaryimage"},"image":{"@id":"https:\/\/www.toftehald.no\/en\/public\/#primaryimage"},"thumbnailUrl":"https:\/\/d2663t39fqodki.cloudfront.net\/wp-content\/uploads\/2022\/07\/01133631\/Tofte_MarcelTiedje_10mai2022__MarcelTiedje_1910.jpg","datePublished":"2025-06-06T11:24:02+00:00","dateModified":"2025-06-10T09:48:14+00:00","breadcrumb":{"@id":"https:\/\/www.toftehald.no\/en\/public\/#breadcrumb"},"inLanguage":"en-US","potentialAction":[{"@type":"ReadAction","target":["https:\/\/www.toftehald.no\/en\/public\/"]}]},{"@type":"ImageObject","inLanguage":"en-US","@id":"https:\/\/www.toftehald.no\/en\/public\/#primaryimage","url":"https:\/\/d2663t39fqodki.cloudfront.net\/wp-content\/uploads\/2022\/07\/01133631\/Tofte_MarcelTiedje_10mai2022__MarcelTiedje_1910.jpg","contentUrl":"https:\/\/d2663t39fqodki.cloudfront.net\/wp-content\/uploads\/2022\/07\/01133631\/Tofte_MarcelTiedje_10mai2022__MarcelTiedje_1910.jpg","width":2048,"height":1536},{"@type":"BreadcrumbList","@id":"https:\/\/www.toftehald.no\/en\/public\/#breadcrumb","itemListElement":[{"@type":"ListItem","position":1,"name":"Home","item":"https:\/\/www.toftehald.no\/en\/"},{"@type":"ListItem","position":2,"name":"Public"}]},{"@type":"WebSite","@id":"https:\/\/www.toftehald.no\/en\/#website","url":"https:\/\/www.toftehald.no\/en\/","name":"Tofte Hald AS","description":"S\u00f8rlandets st\u00f8rste advokatfirma","publisher":{"@id":"https:\/\/www.toftehald.no\/en\/#organization"},"alternateName":"Tofte Hald Advokatfirma","potentialAction":[{"@type":"SearchAction","target":{"@type":"EntryPoint","urlTemplate":"https:\/\/www.toftehald.no\/en\/?s={search_term_string}"},"query-input":{"@type":"PropertyValueSpecification","valueRequired":true,"valueName":"search_term_string"}}],"inLanguage":"en-US"},{"@type":"Organization","@id":"https:\/\/www.toftehald.no\/en\/#organization","name":"Tofte Hald AS","alternateName":"Tofte Hald Advokatfirma","url":"https:\/\/www.toftehald.no\/en\/","logo":{"@type":"ImageObject","inLanguage":"en-US","@id":"https:\/\/www.toftehald.no\/en\/#\/schema\/logo\/image\/","url":"https:\/\/d2663t39fqodki.cloudfront.net\/wp-content\/uploads\/2019\/02\/01133911\/L%C3%B8nnsom-logo-1.png","contentUrl":"https:\/\/d2663t39fqodki.cloudfront.net\/wp-content\/uploads\/2019\/02\/01133911\/L%C3%B8nnsom-logo-1.png","width":500,"height":500,"caption":"Tofte Hald AS"},"image":{"@id":"https:\/\/www.toftehald.no\/en\/#\/schema\/logo\/image\/"},"sameAs":["https:\/\/www.facebook.com\/advtofte\/","https:\/\/www.linkedin.com\/company\/advokatfirma-tofte-da\/"],"description":"Vi er et dedikert lokalt advokatfirma med dyktige advokater basert i Arendal og Kristiansand, som tilbyr juridisk bistand i hele S\u00f8r-Norge. Med et sterkt fokus p\u00e5 profesjonalitet og ekspertise, er vi forpliktet til \u00e5 levere f\u00f8rsteklasses juridiske tjenester, uansett hvor din sak f\u00f8rer oss.","email":"post@toftehald.no","telephone":"+47 381 77 000","legalName":"Tofte Hald AS","foundingDate":"2008-01-01","vatID":"926 311 999","numberOfEmployees":{"@type":"QuantitativeValue","minValue":"11","maxValue":"50"}}]}},"_links":{"self":[{"href":"https:\/\/www.toftehald.no\/en\/wp-json\/wp\/v2\/pages\/4260","targetHints":{"allow":["GET"]}}],"collection":[{"href":"https:\/\/www.toftehald.no\/en\/wp-json\/wp\/v2\/pages"}],"about":[{"href":"https:\/\/www.toftehald.no\/en\/wp-json\/wp\/v2\/types\/page"}],"author":[{"embeddable":true,"href":"https:\/\/www.toftehald.no\/en\/wp-json\/wp\/v2\/users\/15"}],"replies":[{"embeddable":true,"href":"https:\/\/www.toftehald.no\/en\/wp-json\/wp\/v2\/comments?post=4260"}],"version-history":[{"count":1,"href":"https:\/\/www.toftehald.no\/en\/wp-json\/wp\/v2\/pages\/4260\/revisions"}],"predecessor-version":[{"id":4261,"href":"https:\/\/www.toftehald.no\/en\/wp-json\/wp\/v2\/pages\/4260\/revisions\/4261"}],"wp:featuredmedia":[{"embeddable":true,"href":"https:\/\/www.toftehald.no\/en\/wp-json\/wp\/v2\/media\/2558"}],"wp:attachment":[{"href":"https:\/\/www.toftehald.no\/en\/wp-json\/wp\/v2\/media?parent=4260"}],"curies":[{"name":"wp","href":"https:\/\/api.w.org\/{rel}","templated":true}]}}